{"id":52119,"date":"2023-10-25T21:48:59","date_gmt":"2023-10-25T21:48:59","guid":{"rendered":"https:\/\/digitalsmb.org\/marketing-digital-para-pequenas-empresas\/"},"modified":"2026-04-28T15:26:40","modified_gmt":"2026-04-28T15:26:40","slug":"marketing-digital-para-pequenas-empresas","status":"publish","type":"page","link":"https:\/\/digitalsmb.org\/es\/","title":{"rendered":"Recursos de marketing digital para peque\u00f1as empresas"},"content":{"rendered":"\n<div class=\"wp-block-cover is-dark has-background\" style=\"background-color:#1e3a5f;padding-top:80px;padding-bottom:80px\"><span aria-hidden=\"true\" class=\"wp-block-cover__background has-contrast-background-color has-background-dim-100 has-background-dim\"><\/span><div class=\"wp-block-cover__inner-container is-layout-flow wp-block-cover-is-layout-flow\">\n<div class=\"wp-block-group\"><div class=\"wp-block-group__inner-container is-layout-constrained wp-container-core-group-is-layout-5183d106 wp-block-group-is-layout-constrained\">\n<p class=\"has-text-align-center has-text-color\" style=\"color:#93c5fd;font-size:13px;font-weight:700;letter-spacing:0.1em;text-transform:uppercase\"><\/p>\n\n\n\n<h1 class=\"wp-block-heading has-text-align-center has-text-color\" style=\"color:#ffffff;font-size:clamp(2rem,5vw,3rem);font-weight:800;line-height:1.2\">Marketing digital que funciona<br>para peque\u00f1as empresas<\/h1>\n\n\n\n<p class=\"has-text-align-center has-text-color\" style=\"color:#bfdbfe;margin-top:0px;font-size:1.125rem\"><\/p>\n\n\n\n<div class=\"wp-block-buttons is-content-justification-center is-layout-flex wp-container-core-buttons-is-layout-71d2ff36 wp-block-buttons-is-layout-flex\">\n<div class=\"wp-block-button\"><a class=\"wp-block-button__link has-contrast-color has-white-background-color has-text-color has-background wp-element-button\" href=\"https:\/\/digitalsmb.org\/es\/blog\/\" style=\"border-radius:8px;padding-top:14px;padding-right:32px;padding-bottom:14px;padding-left:32px;font-weight:700\">Explora todas las gu\u00edas<\/a><\/div>\n\n\n\n<div class=\"wp-block-button is-style-outline is-style-outline--1\"><a class=\"wp-block-button__link has-text-color has-border-color wp-element-button\" href=\"#topics\" style=\"border-color:#ffffff;border-width:2px;border-radius:8px;color:#ffffff;padding-top:14px;padding-right:32px;padding-bottom:14px;padding-left:32px\">Explorar por tema<\/a><\/div>\n<\/div>\n<\/div><\/div>\n<\/div><\/div>\n\n\n\n<div id=\"topics\" class=\"wp-block-group has-base-2-background-color has-background\" style=\"padding-top:64px;padding-bottom:64px\"><div class=\"wp-block-group__inner-container is-layout-flow wp-block-group-is-layout-flow\">\n<div class=\"wp-block-group\"><div class=\"wp-block-group__inner-container is-layout-constrained wp-block-group-is-layout-constrained\">\n<h2 class=\"wp-block-heading has-text-align-center\" style=\"margin-bottom:8px;font-size:2rem;font-weight:700\">Explorar por tema<\/h2>\n\n\n\n<p class=\"has-text-align-center has-text-color\" style=\"color:#6b7280;margin-bottom:40px\"><\/p><p class=\"has-text-align-center\" style=\"color:#6b7280;margin-bottom:40px\">Elige un tema y sum\u00e9rgete en gu\u00edas pr\u00e1cticas y sin jerga dise\u00f1adas para peque\u00f1os empresarios<\/p>\n\n\n\n<div class=\"wp-block-columns is-layout-flex wp-container-core-columns-is-layout-28f84493 wp-block-columns-is-layout-flex\">\n<div class=\"wp-block-column is-layout-flow wp-block-column-is-layout-flow\">\n<div class=\"wp-block-group has-base-background-color has-background\" style=\"border-radius:12px\"><div class=\"wp-block-group__inner-container is-layout-flow wp-block-group-is-layout-flow\">\n<h3 class=\"wp-block-heading\" style=\"margin-bottom:8px;font-size:1.125rem;font-weight:700\">\ud83d\udcca Google Analytics<\/h3>\n\n\n\n<p class=\"has-text-color\" style=\"color:#6b7280;margin-bottom:16px;font-size:0.875rem\"><\/p>\n\n\n\n<p><a href=\"https:\/\/digitalsmb.org\/es\/category\/google-analytics-es\/\">Lee gu\u00edas \u2192<\/a><\/p>\n<\/div><\/div>\n<\/div>\n\n\n\n<div class=\"wp-block-column is-layout-flow wp-block-column-is-layout-flow\">\n<div class=\"wp-block-group has-base-background-color has-background\" style=\"border-radius:12px\"><div class=\"wp-block-group__inner-container is-layout-flow wp-block-group-is-layout-flow\">\n<h3 class=\"wp-block-heading\" style=\"margin-bottom:8px;font-size:1.125rem;font-weight:700\">\ud83e\udd16 IA y ChatGPT<\/h3>\n\n\n\n<p class=\"has-text-color\" style=\"color:#6b7280;margin-bottom:16px;font-size:0.875rem\"><\/p>\n\n\n\n<p><a href=\"\/category\/artifical-intelligence-ai\/\">Lee gu\u00edas \u2192<\/a><\/p>\n<\/div><\/div>\n<\/div>\n\n\n\n<div class=\"wp-block-column is-layout-flow wp-block-column-is-layout-flow\">\n<div class=\"wp-block-group has-base-background-color has-background\" style=\"border-radius:12px\"><div class=\"wp-block-group__inner-container is-layout-flow wp-block-group-is-layout-flow\">\n<h3 class=\"wp-block-heading\" style=\"margin-bottom:8px;font-size:1.125rem;font-weight:700\">\ud83d\udcf1 Redes sociales<\/h3>\n\n\n\n<p class=\"has-text-color\" style=\"color:#6b7280;margin-bottom:16px;font-size:0.875rem\"><\/p>\n\n\n\n<p><a href=\"https:\/\/digitalsmb.org\/es\/category\/marketing-en-redes-sociales\/\">Lee gu\u00edas \u2192<\/a><\/p>\n<\/div><\/div>\n<\/div>\n<\/div>\n\n\n\n<div class=\"wp-block-columns is-layout-flex wp-container-core-columns-is-layout-28f84493 wp-block-columns-is-layout-flex\">\n<div class=\"wp-block-column is-layout-flow wp-block-column-is-layout-flow\">\n<div class=\"wp-block-group has-base-background-color has-background\" style=\"border-radius:12px\"><div class=\"wp-block-group__inner-container is-layout-flow wp-block-group-is-layout-flow\">\n<h3 class=\"wp-block-heading\" style=\"margin-bottom:8px;font-size:1.125rem;font-weight:700\">\ud83d\udd0d SEO<\/h3>\n\n\n\n<p class=\"has-text-color\" style=\"color:#6b7280;margin-bottom:16px;font-size:0.875rem\"><\/p>\n\n\n\n<p><a href=\"https:\/\/digitalsmb.org\/es\/category\/posicionamiento-seo\/\">Lee gu\u00edas \u2192<\/a><\/p>\n<\/div><\/div>\n<\/div>\n\n\n\n<div class=\"wp-block-column is-layout-flow wp-block-column-is-layout-flow\">\n<div class=\"wp-block-group has-base-background-color has-background\" style=\"border-radius:12px\"><div class=\"wp-block-group__inner-container is-layout-flow wp-block-group-is-layout-flow\">\n<h3 class=\"wp-block-heading\" style=\"margin-bottom:8px;font-size:1.125rem;font-weight:700\">\ud83d\udce7 Marketing por correo electr\u00f3nico<\/h3>\n\n\n\n<p class=\"has-text-color\" style=\"color:#6b7280;margin-bottom:16px;font-size:0.875rem\"><\/p>\n\n\n\n<p><a href=\"https:\/\/digitalsmb.org\/tag\/email-marketing\/\">Lee gu\u00edas \u2192<\/a><\/p>\n<\/div><\/div>\n<\/div>\n\n\n\n<div class=\"wp-block-column is-layout-flow wp-block-column-is-layout-flow\">\n<div class=\"wp-block-group has-base-background-color has-background\" style=\"border-radius:12px\"><div class=\"wp-block-group__inner-container is-layout-flow wp-block-group-is-layout-flow\">\n<h3 class=\"wp-block-heading\" style=\"margin-bottom:8px;font-size:1.125rem;font-weight:700\">\ud83d\udccd Busca en Google My Business<\/h3>\n\n\n\n<p class=\"has-text-color\" style=\"color:#6b7280;margin-bottom:16px;font-size:0.875rem\"><\/p>\n\n\n\n<p><a href=\"https:\/\/digitalsmb.org\/es\/category\/google-my-business-gmb-es\/\">Lee gu\u00edas \u2192<\/a><\/p>\n<\/div><\/div>\n<\/div>\n<\/div>\n<\/div><\/div>\n<\/div><\/div>\n\n\n\n<div class=\"wp-block-group\" style=\"padding-top:64px;padding-bottom:64px\"><div class=\"wp-block-group__inner-container is-layout-flow wp-block-group-is-layout-flow\">\n<div class=\"wp-block-group\"><div class=\"wp-block-group__inner-container is-layout-constrained wp-block-group-is-layout-constrained\">\n<h2 class=\"wp-block-heading\" style=\"margin-bottom:8px;font-size:2rem;font-weight:700\">Gu\u00edas m\u00e1s recientes<\/h2>\n\n\n\n<p class=\"has-text-color\" style=\"color:#6b7280;margin-bottom:32px\"><\/p>\n\n\n<ul class=\"wp-block-latest-posts__list has-dates wp-block-latest-posts\"><li><a class=\"wp-block-latest-posts__post-title\" href=\"https:\/\/digitalsmb.org\/es\/ia-para-pequenas-empresas-el-centro-completo-de-recursos-de-digitalsmb-2026\/\">IA para peque\u00f1as empresas: El centro completo de recursos de DigitalSMB (2026)<\/a><time datetime=\"2026-04-28T03:12:26+00:00\" class=\"wp-block-latest-posts__post-date\">abril 28, 2026<\/time><\/li>\n<li><a class=\"wp-block-latest-posts__post-title\" href=\"https:\/\/digitalsmb.org\/es\/google-analytics-4-para-pequenas-empresas-el-centro-de-recursos-completo-de-digitalsmb\/\">Google Analytics 4 para Peque\u00f1as Empresas: El Centro de Recursos Completo de DigitalSMB<\/a><time datetime=\"2026-04-28T03:12:26+00:00\" class=\"wp-block-latest-posts__post-date\">abril 28, 2026<\/time><\/li>\n<li><a class=\"wp-block-latest-posts__post-title\" href=\"https:\/\/digitalsmb.org\/es\/marketing-en-redes-sociales-para-pequenas-empresas-el-centro-completo-de-recursos-de-digitalsmb\/\">Marketing en redes sociales para peque\u00f1as empresas: El centro completo de recursos de DigitalSMB<\/a><time datetime=\"2026-04-28T03:12:26+00:00\" class=\"wp-block-latest-posts__post-date\">abril 28, 2026<\/time><\/li>\n<li><a class=\"wp-block-latest-posts__post-title\" href=\"https:\/\/digitalsmb.org\/es\/anatomia-de-un-programa-de-embajadores-de-marca\/\">Anatom\u00eda de un Programa de Embajadores de Marca<\/a><time datetime=\"2026-04-27T22:33:26+00:00\" class=\"wp-block-latest-posts__post-date\">abril 27, 2026<\/time><\/li>\n<li><div class=\"wp-block-latest-posts__featured-image alignleft\"><img decoding=\"async\" width=\"150\" height=\"150\" src=\"https:\/\/digitalsmb.org\/wp-content\/uploads\/2023\/10\/small-business-social-media-guide-featureimage13-150x150.jpg\" class=\"attachment-thumbnail size-thumbnail wp-post-image\" alt=\"\" style=\"\" \/><\/div><a class=\"wp-block-latest-posts__post-title\" href=\"https:\/\/digitalsmb.org\/es\/participar-no-solo-ser-la-clave-de-las-redes-sociales\/\">Por qu\u00e9 la interacci\u00f3n importa m\u00e1s que los seguidores en las redes sociales (Gu\u00eda 2026)<\/a><time datetime=\"2026-04-27T22:33:26+00:00\" class=\"wp-block-latest-posts__post-date\">abril 27, 2026<\/time><\/li>\n<li><div class=\"wp-block-latest-posts__featured-image alignleft\"><img decoding=\"async\" width=\"150\" height=\"150\" src=\"https:\/\/digitalsmb.org\/wp-content\/uploads\/2023\/09\/brandambasadorH12-150x150.jpg\" class=\"attachment-thumbnail size-thumbnail wp-post-image\" alt=\"\" style=\"\" \/><\/div><a class=\"wp-block-latest-posts__post-title\" href=\"https:\/\/digitalsmb.org\/es\/guia-legal-programas-de-embajadores-de-marca\/\">Gu\u00eda Legal: Programas de Embajadores de Marca<\/a><time datetime=\"2026-04-27T22:33:25+00:00\" class=\"wp-block-latest-posts__post-date\">abril 27, 2026<\/time><\/li>\n<\/ul>\n\n\n<p class=\"has-text-align-center\" style=\"margin-top:32px\"><a class=\"wp-block-button__link\" href=\"https:\/\/digitalsmb.org\/es\/blog\/\" style=\"background:#1e40af;color:#fff;padding:12px 32px;border-radius:8px;font-weight:600;text-decoration:none\">Consulta todas las 206 gu\u00edas \u2192<\/a><\/p>\n<\/div><\/div>\n<\/div><\/div>\n\n\n","protected":false},"excerpt":{"rendered":"<p>Explorar por tema Elige un tema y sum\u00e9rgete en gu\u00edas pr\u00e1cticas y sin jerga dise\u00f1adas para peque\u00f1os empresarios \ud83d\udcca Google Analytics Lee gu\u00edas \u2192 \ud83e\udd16 IA y ChatGPT Lee gu\u00edas \u2192 \ud83d\udcf1 Redes sociales Lee gu\u00edas \u2192 \ud83d\udd0d SEO Lee gu\u00edas \u2192 \ud83d\udce7 Marketing por correo electr\u00f3nico Lee gu\u00edas \u2192 \ud83d\udccd Busca en Google My &#8230; <a title=\"Recursos de marketing digital para peque\u00f1as empresas\" class=\"read-more\" href=\"https:\/\/digitalsmb.org\/es\/\" aria-label=\"Leer m\u00e1s sobre Recursos de marketing digital para peque\u00f1as empresas\">Leer m\u00e1s<\/a><\/p>\n","protected":false},"author":1,"featured_media":0,"parent":0,"menu_order":0,"comment_status":"closed","ping_status":"closed","template":"","meta":{"om_disable_all_campaigns":false,"footnotes":""},"class_list":["post-52119","page","type-page","status-publish"],"aioseo_notices":[],"aioseo_head":"\n\t\t<!-- All in One SEO Pro 4.9.7 - aioseo.com -->\n\t<meta name=\"description\" content=\"Marketing digital que funcionapara peque\u00f1as empresas Explora todas las gu\u00edas Explorar por tema Explorar por tema Elige un tema y sum\u00e9rgete en gu\u00edas pr\u00e1cticas y sin jerga dise\u00f1adas para peque\u00f1os empresarios \ud83d\udcca Google Analytics Lee gu\u00edas \u2192 \ud83e\udd16 IA y ChatGPT Lee gu\u00edas \u2192 \ud83d\udcf1 Redes sociales Lee gu\u00edas \u2192 \ud83d\udd0d SEO Lee gu\u00edas \u2192\" \/>\n\t<meta name=\"robots\" content=\"max-image-preview:large\" \/>\n\t<link rel=\"canonical\" href=\"https:\/\/digitalsmb.org\/es\/\" \/>\n\t<meta name=\"generator\" content=\"All in One SEO Pro (AIOSEO) 4.9.7\" \/>\n\t\t<meta property=\"og:locale\" content=\"es_ES\" \/>\n\t\t<meta property=\"og:site_name\" content=\"DigitalSMB - Digital Marketing Resources for Small Business Owners\" \/>\n\t\t<meta property=\"og:type\" content=\"article\" \/>\n\t\t<meta property=\"og:title\" content=\"Recursos de marketing digital para peque\u00f1as empresas - DigitalSMB\" \/>\n\t\t<meta property=\"og:description\" content=\"Marketing digital que funcionapara peque\u00f1as empresas Explora todas las gu\u00edas Explorar por tema Explorar por tema Elige un tema y sum\u00e9rgete en gu\u00edas pr\u00e1cticas y sin jerga dise\u00f1adas para peque\u00f1os empresarios \ud83d\udcca Google Analytics Lee gu\u00edas \u2192 \ud83e\udd16 IA y ChatGPT Lee gu\u00edas \u2192 \ud83d\udcf1 Redes sociales Lee gu\u00edas \u2192 \ud83d\udd0d SEO Lee gu\u00edas \u2192\" \/>\n\t\t<meta property=\"og:url\" content=\"https:\/\/digitalsmb.org\/es\/\" \/>\n\t\t<meta property=\"og:image\" content=\"https:\/\/digitalsmb.org\/wp-content\/uploads\/2023\/02\/cropped-DigitalSMBheaderlogo2.jpg\" \/>\n\t\t<meta property=\"og:image:secure_url\" content=\"https:\/\/digitalsmb.org\/wp-content\/uploads\/2023\/02\/cropped-DigitalSMBheaderlogo2.jpg\" \/>\n\t\t<meta property=\"og:image:width\" content=\"200\" \/>\n\t\t<meta property=\"og:image:height\" content=\"40\" \/>\n\t\t<meta property=\"article:published_time\" content=\"2023-10-25T21:48:59+00:00\" \/>\n\t\t<meta property=\"article:modified_time\" content=\"2026-04-28T15:26:40+00:00\" \/>\n\t\t<meta name=\"twitter:card\" content=\"summary_large_image\" \/>\n\t\t<meta name=\"twitter:title\" content=\"Recursos de marketing digital para peque\u00f1as empresas - DigitalSMB\" \/>\n\t\t<meta name=\"twitter:description\" content=\"Marketing digital que funcionapara peque\u00f1as empresas Explora todas las gu\u00edas Explorar por tema Explorar por tema Elige un tema y sum\u00e9rgete en gu\u00edas pr\u00e1cticas y sin jerga dise\u00f1adas para peque\u00f1os empresarios \ud83d\udcca Google Analytics Lee gu\u00edas \u2192 \ud83e\udd16 IA y ChatGPT Lee gu\u00edas \u2192 \ud83d\udcf1 Redes sociales Lee gu\u00edas \u2192 \ud83d\udd0d SEO Lee gu\u00edas \u2192\" \/>\n\t\t<meta name=\"twitter:image\" content=\"https:\/\/digitalsmb.org\/wp-content\/uploads\/2023\/02\/cropped-DigitalSMBheaderlogo2.jpg\" \/>\n\t\t<script type=\"application\/ld+json\" class=\"aioseo-schema\">\n\t\t\t{\"@context\":\"https:\\\/\\\/schema.org\",\"@graph\":[{\"@type\":\"BreadcrumbList\",\"@id\":\"https:\\\/\\\/digitalsmb.org\\\/es\\\/#breadcrumblist\",\"itemListElement\":[{\"@type\":\"ListItem\",\"@id\":\"https:\\\/\\\/digitalsmb.org\\\/es\\\/#listItem\",\"position\":1,\"name\":\"Home\",\"item\":\"https:\\\/\\\/digitalsmb.org\\\/es\\\/\",\"nextItem\":{\"@type\":\"ListItem\",\"@id\":\"https:\\\/\\\/digitalsmb.org\\\/es\\\/#listItem\",\"name\":\"Recursos de marketing digital para peque\\u00f1as empresas\"}},{\"@type\":\"ListItem\",\"@id\":\"https:\\\/\\\/digitalsmb.org\\\/es\\\/#listItem\",\"position\":2,\"name\":\"Recursos de marketing digital para peque\\u00f1as empresas\",\"previousItem\":{\"@type\":\"ListItem\",\"@id\":\"https:\\\/\\\/digitalsmb.org\\\/es\\\/#listItem\",\"name\":\"Home\"}}]},{\"@type\":\"Organization\",\"@id\":\"https:\\\/\\\/digitalsmb.org\\\/es\\\/#organization\",\"name\":\"DigitalSMB\",\"description\":\"Digital Marketing Resources for Small Business Owners\",\"url\":\"https:\\\/\\\/digitalsmb.org\\\/es\\\/\",\"logo\":{\"@type\":\"ImageObject\",\"url\":\"https:\\\/\\\/digitalsmb.org\\\/wp-content\\\/uploads\\\/2023\\\/02\\\/cropped-DigitalSMBheaderlogo2.jpg\",\"@id\":\"https:\\\/\\\/digitalsmb.org\\\/es\\\/#organizationLogo\",\"width\":200,\"height\":40},\"image\":{\"@id\":\"https:\\\/\\\/digitalsmb.org\\\/es\\\/#organizationLogo\"}},{\"@type\":\"WebPage\",\"@id\":\"https:\\\/\\\/digitalsmb.org\\\/es\\\/#webpage\",\"url\":\"https:\\\/\\\/digitalsmb.org\\\/es\\\/\",\"name\":\"Recursos de marketing digital para peque\\u00f1as empresas - DigitalSMB\",\"description\":\"Marketing digital que funcionapara peque\\u00f1as empresas Explora todas las gu\\u00edas Explorar por tema Explorar por tema Elige un tema y sum\\u00e9rgete en gu\\u00edas pr\\u00e1cticas y sin jerga dise\\u00f1adas para peque\\u00f1os empresarios \\ud83d\\udcca Google Analytics Lee gu\\u00edas \\u2192 \\ud83e\\udd16 IA y ChatGPT Lee gu\\u00edas \\u2192 \\ud83d\\udcf1 Redes sociales Lee gu\\u00edas \\u2192 \\ud83d\\udd0d SEO Lee gu\\u00edas \\u2192\",\"inLanguage\":\"es-ES\",\"isPartOf\":{\"@id\":\"https:\\\/\\\/digitalsmb.org\\\/es\\\/#website\"},\"breadcrumb\":{\"@id\":\"https:\\\/\\\/digitalsmb.org\\\/es\\\/#breadcrumblist\"},\"datePublished\":\"2023-10-25T21:48:59+00:00\",\"dateModified\":\"2026-04-28T15:26:40+00:00\"},{\"@type\":\"WebSite\",\"@id\":\"https:\\\/\\\/digitalsmb.org\\\/es\\\/#website\",\"url\":\"https:\\\/\\\/digitalsmb.org\\\/es\\\/\",\"name\":\"DigitalSMB\",\"description\":\"Digital Marketing Resources for Small Business Owners\",\"inLanguage\":\"es-ES\",\"publisher\":{\"@id\":\"https:\\\/\\\/digitalsmb.org\\\/es\\\/#organization\"}}]}\n\t\t<\/script>\n\t\t<!-- All in One SEO Pro -->\r\n\t\t<title>Recursos de marketing digital para peque\u00f1as empresas - DigitalSMB<\/title>\n\n","aioseo_head_json":{"title":"Recursos de marketing digital para peque\u00f1as empresas - DigitalSMB","description":"Marketing digital que funcionapara peque\u00f1as empresas Explora todas las gu\u00edas Explorar por tema Explorar por tema Elige un tema y sum\u00e9rgete en gu\u00edas pr\u00e1cticas y sin jerga dise\u00f1adas para peque\u00f1os empresarios \ud83d\udcca Google Analytics Lee gu\u00edas \u2192 \ud83e\udd16 IA y ChatGPT Lee gu\u00edas \u2192 \ud83d\udcf1 Redes sociales Lee gu\u00edas \u2192 \ud83d\udd0d SEO Lee gu\u00edas \u2192","canonical_url":"https:\/\/digitalsmb.org\/es\/","robots":"max-image-preview:large","keywords":"","webmasterTools":{"miscellaneous":""},"schema":{"@context":"https:\/\/schema.org","@graph":[{"@type":"BreadcrumbList","@id":"https:\/\/digitalsmb.org\/es\/#breadcrumblist","itemListElement":[{"@type":"ListItem","@id":"https:\/\/digitalsmb.org\/es\/#listItem","position":1,"name":"Home","item":"https:\/\/digitalsmb.org\/es\/","nextItem":{"@type":"ListItem","@id":"https:\/\/digitalsmb.org\/es\/#listItem","name":"Recursos de marketing digital para peque\u00f1as empresas"}},{"@type":"ListItem","@id":"https:\/\/digitalsmb.org\/es\/#listItem","position":2,"name":"Recursos de marketing digital para peque\u00f1as empresas","previousItem":{"@type":"ListItem","@id":"https:\/\/digitalsmb.org\/es\/#listItem","name":"Home"}}]},{"@type":"Organization","@id":"https:\/\/digitalsmb.org\/es\/#organization","name":"DigitalSMB","description":"Digital Marketing Resources for Small Business Owners","url":"https:\/\/digitalsmb.org\/es\/","logo":{"@type":"ImageObject","url":"https:\/\/digitalsmb.org\/wp-content\/uploads\/2023\/02\/cropped-DigitalSMBheaderlogo2.jpg","@id":"https:\/\/digitalsmb.org\/es\/#organizationLogo","width":200,"height":40},"image":{"@id":"https:\/\/digitalsmb.org\/es\/#organizationLogo"}},{"@type":"WebPage","@id":"https:\/\/digitalsmb.org\/es\/#webpage","url":"https:\/\/digitalsmb.org\/es\/","name":"Recursos de marketing digital para peque\u00f1as empresas - DigitalSMB","description":"Marketing digital que funcionapara peque\u00f1as empresas Explora todas las gu\u00edas Explorar por tema Explorar por tema Elige un tema y sum\u00e9rgete en gu\u00edas pr\u00e1cticas y sin jerga dise\u00f1adas para peque\u00f1os empresarios \ud83d\udcca Google Analytics Lee gu\u00edas \u2192 \ud83e\udd16 IA y ChatGPT Lee gu\u00edas \u2192 \ud83d\udcf1 Redes sociales Lee gu\u00edas \u2192 \ud83d\udd0d SEO Lee gu\u00edas \u2192","inLanguage":"es-ES","isPartOf":{"@id":"https:\/\/digitalsmb.org\/es\/#website"},"breadcrumb":{"@id":"https:\/\/digitalsmb.org\/es\/#breadcrumblist"},"datePublished":"2023-10-25T21:48:59+00:00","dateModified":"2026-04-28T15:26:40+00:00"},{"@type":"WebSite","@id":"https:\/\/digitalsmb.org\/es\/#website","url":"https:\/\/digitalsmb.org\/es\/","name":"DigitalSMB","description":"Digital Marketing Resources for Small Business Owners","inLanguage":"es-ES","publisher":{"@id":"https:\/\/digitalsmb.org\/es\/#organization"}}]},"og:locale":"es_ES","og:site_name":"DigitalSMB - Digital Marketing Resources for Small Business Owners","og:type":"article","og:title":"Recursos de marketing digital para peque\u00f1as empresas - DigitalSMB","og:description":"Marketing digital que funcionapara peque\u00f1as empresas Explora todas las gu\u00edas Explorar por tema Explorar por tema Elige un tema y sum\u00e9rgete en gu\u00edas pr\u00e1cticas y sin jerga dise\u00f1adas para peque\u00f1os empresarios \ud83d\udcca Google Analytics Lee gu\u00edas \u2192 \ud83e\udd16 IA y ChatGPT Lee gu\u00edas \u2192 \ud83d\udcf1 Redes sociales Lee gu\u00edas \u2192 \ud83d\udd0d SEO Lee gu\u00edas \u2192","og:url":"https:\/\/digitalsmb.org\/es\/","og:image":"https:\/\/digitalsmb.org\/wp-content\/uploads\/2023\/02\/cropped-DigitalSMBheaderlogo2.jpg","og:image:secure_url":"https:\/\/digitalsmb.org\/wp-content\/uploads\/2023\/02\/cropped-DigitalSMBheaderlogo2.jpg","og:image:width":200,"og:image:height":40,"article:published_time":"2023-10-25T21:48:59+00:00","article:modified_time":"2026-04-28T15:26:40+00:00","twitter:card":"summary_large_image","twitter:title":"Recursos de marketing digital para peque\u00f1as empresas - DigitalSMB","twitter:description":"Marketing digital que funcionapara peque\u00f1as empresas Explora todas las gu\u00edas Explorar por tema Explorar por tema Elige un tema y sum\u00e9rgete en gu\u00edas pr\u00e1cticas y sin jerga dise\u00f1adas para peque\u00f1os empresarios \ud83d\udcca Google Analytics Lee gu\u00edas \u2192 \ud83e\udd16 IA y ChatGPT Lee gu\u00edas \u2192 \ud83d\udcf1 Redes sociales Lee gu\u00edas \u2192 \ud83d\udd0d SEO Lee gu\u00edas \u2192","twitter:image":"https:\/\/digitalsmb.org\/wp-content\/uploads\/2023\/02\/cropped-DigitalSMBheaderlogo2.jpg"},"aioseo_meta_data":{"post_id":"52119","title":null,"description":null,"keywords":null,"keyphrases":null,"primary_term":null,"canonical_url":null,"og_title":null,"og_description":null,"og_object_type":"default","og_image_type":"default","og_image_url":null,"og_image_width":null,"og_image_height":null,"og_image_custom_url":null,"og_image_custom_fields":null,"og_video":null,"og_custom_url":null,"og_article_section":null,"og_article_tags":null,"twitter_use_og":true,"twitter_card":"default","twitter_image_type":"default","twitter_image_url":null,"twitter_image_custom_url":null,"twitter_image_custom_fields":null,"twitter_title":null,"twitter_description":null,"schema":{"blockGraphs":[],"customGraphs":[],"default":{"data":{"Article":[],"Course":[],"Dataset":[],"FAQPage":[],"Movie":[],"Person":[],"Product":[],"ProductReview":[],"Car":[],"Recipe":[],"Service":[],"SoftwareApplication":[],"WebPage":[]},"graphName":"","isEnabled":true},"graphs":[]},"schema_type":"default","schema_type_options":null,"pillar_content":false,"robots_default":true,"robots_noindex":false,"robots_noarchive":false,"robots_nosnippet":false,"robots_nofollow":false,"robots_noimageindex":false,"robots_noodp":false,"robots_notranslate":false,"robots_max_snippet":null,"robots_max_videopreview":null,"robots_max_imagepreview":"large","priority":null,"frequency":null,"local_seo":null,"seo_analyzer_scan_date":"2026-05-07 19:07:14","breadcrumb_settings":null,"limit_modified_date":false,"reviewed_by":null,"open_ai":null,"ai":null,"created":"2026-05-05 23:04:56","updated":"2026-05-07 19:07:14"},"aioseo_breadcrumb":"<div class=\"aioseo-breadcrumbs\"><span class=\"aioseo-breadcrumb\">\n\t<a href=\"https:\/\/digitalsmb.org\/es\/\" title=\"Home\">Home<\/a>\n<\/span><span class=\"aioseo-breadcrumb-separator\">&raquo;<\/span><span class=\"aioseo-breadcrumb\">\n\tRecursos de marketing digital para peque\u00f1as empresas\n<\/span><\/div>","aioseo_breadcrumb_json":[{"label":"Home","link":"https:\/\/digitalsmb.org\/es\/"},{"label":"Recursos de marketing digital para peque\u00f1as empresas","link":"https:\/\/digitalsmb.org\/es\/"}],"_links":{"self":[{"href":"https:\/\/digitalsmb.org\/es\/wp-json\/wp\/v2\/pages\/52119","targetHints":{"allow":["GET"]}}],"collection":[{"href":"https:\/\/digitalsmb.org\/es\/wp-json\/wp\/v2\/pages"}],"about":[{"href":"https:\/\/digitalsmb.org\/es\/wp-json\/wp\/v2\/types\/page"}],"author":[{"embeddable":true,"href":"https:\/\/digitalsmb.org\/es\/wp-json\/wp\/v2\/users\/1"}],"replies":[{"embeddable":true,"href":"https:\/\/digitalsmb.org\/es\/wp-json\/wp\/v2\/comments?post=52119"}],"version-history":[{"count":14,"href":"https:\/\/digitalsmb.org\/es\/wp-json\/wp\/v2\/pages\/52119\/revisions"}],"predecessor-version":[{"id":54022,"href":"https:\/\/digitalsmb.org\/es\/wp-json\/wp\/v2\/pages\/52119\/revisions\/54022"}],"wp:attachment":[{"href":"https:\/\/digitalsmb.org\/es\/wp-json\/wp\/v2\/media?parent=52119"}],"curies":[{"name":"wp","href":"https:\/\/api.w.org\/{rel}","templated":true}]}}