{"id":52079,"date":"2023-09-02T22:06:44","date_gmt":"2023-09-02T22:06:44","guid":{"rendered":"https:\/\/digitalsmb.org\/acerca-de-digital-smb\/"},"modified":"2024-02-22T01:14:00","modified_gmt":"2024-02-22T01:14:00","slug":"acerca-de-digital-smb","status":"publish","type":"page","link":"https:\/\/digitalsmb.org\/es\/acerca-de-digital-smb\/","title":{"rendered":"Acerca de Digital SMB"},"content":{"rendered":"\n<h3 class=\"wp-block-heading\">Acerca de Digital SMB: Su socio de confianza en el \u00e9xito digital<\/h3>\n\n<p>Bienvenido a Digital SMB, el centro definitivo para las peque\u00f1as y medianas empresas que buscan navegar por el intrincado mundo del marketing digital. Sabemos de primera mano que el panorama digital es como arena movediza, en constante evoluci\u00f3n y presentando nuevos retos y oportunidades. Es por eso que estamos aqu\u00ed: para brindarle la informaci\u00f3n oportuna y procesable que necesita para hacer crecer su negocio en l\u00ednea.<\/p>\n\n<h4 class=\"wp-block-heading\">Qui\u00e9nes somos<\/h4>\n\n<p>Somos un equipo de expertos en marketing digital, analistas de datos y estrategas empresariales apasionados por el \u00e9xito de las pymes en el mundo digital. Con d\u00e9cadas de experiencia colectiva, hemos perfeccionado nuestra experiencia en todo, desde la optimizaci\u00f3n de motores de b\u00fasqueda y el marketing en redes sociales hasta el an\u00e1lisis de datos y la gesti\u00f3n de la experiencia del cliente.<\/p>\n\n<h4 class=\"wp-block-heading\">NUESTRA MISI\u00d3N<\/h4>\n\n<p>Nuestra misi\u00f3n es simple pero impactante: democratizar el conocimiento del marketing digital, haci\u00e9ndolo accesible y procesable para las peque\u00f1as empresas. Creemos que no deber\u00eda necesitar un gran presupuesto o un equipo de expertos para tener \u00e9xito en l\u00ednea. Con la orientaci\u00f3n y las herramientas adecuadas, todas las empresas tienen el potencial de prosperar en el escenario digital.<\/p>\n\n<h4 class=\"wp-block-heading\">\u00bfQu\u00e9 ofrecemos?<\/h4>\n\n<p>Digital SMB ofrece una amplia biblioteca de gu\u00edas pr\u00e1cticas, estudios de casos y plantillas de estrategias dise\u00f1adas para satisfacer las necesidades \u00fanicas de las peque\u00f1as empresas. Nuestros recursos cubren una amplia gama de temas, entre ellos:<\/p>\n\n<ol class=\"wp-block-list\">\n<li>Publicidad en redes sociales<\/li>\n\n\n\n<li>Optimizaci\u00f3n de motores de b\u00fasqueda y marketing<\/li>\n\n\n\n<li>An\u00e1lisis e interpretaci\u00f3n de datos<\/li>\n\n\n\n<li>Marketing de Contenidos<\/li>\n\n\n\n<li>Marketing por correo electr\u00f3nico<\/li>\n\n\n\n<li>Inteligencia Artificial y Chatbots<\/li>\n\n\n\n<li>\u00a1Y mucho m\u00e1s!<\/li>\n<\/ol>\n\n<h4 class=\"wp-block-heading\">\u00bfPor qu\u00e9 elegirnos?<\/h4>\n\n<ul class=\"wp-block-list\">\n<li><strong>Pericia:<\/strong> Nuestro contenido est\u00e1 elaborado por expertos de la industria que han estado en las trincheras, trabajando con empresas de todos los tama\u00f1os.<\/li>\n\n\n\n<li><strong>Pertinencia:<\/strong> Nos mantenemos al tanto de las tendencias digitales para ofrecerte los consejos m\u00e1s actualizados y pr\u00e1cticos.<\/li>\n\n\n\n<li><strong>Accesibilidad:<\/strong> Nuestras gu\u00edas est\u00e1n escritas de una manera f\u00e1cil de entender y sin jerga. Hacemos que el marketing digital sea sencillo, sin diluir la calidad de la informaci\u00f3n.<\/li>\n\n\n\n<li><strong>Comunidad:<\/strong> \u00danase a foros y seminarios web donde puede interactuar con otros propietarios de negocios y expertos en marketing digital. \u00a1Aprende de la comunidad y contribuye con tus propias ideas!<\/li>\n<\/ul>\n\n<h4 class=\"wp-block-heading\">\u00a1Conect\u00e9monos!<\/h4>\n\n<p>\u00bfListo para unirte a la comunidad de Pymes Digitales y comenzar a dominar el arte del marketing digital? Suscr\u00edbase a nuestro bolet\u00edn de noticias para recibir actualizaciones peri\u00f3dicas y no dude en ponerse en contacto con nosotros para cualquier pregunta o sugerencia que pueda tener. Juntos, construiremos la hoja de ruta hacia su \u00e9xito digital.<\/p>\n","protected":false},"excerpt":{"rendered":"<p>Acerca de Digital SMB: Su socio de confianza en el \u00e9xito digital Bienvenido a Digital SMB, el centro definitivo para las peque\u00f1as y medianas empresas que buscan navegar por el intrincado mundo del marketing digital. Sabemos de primera mano que el panorama digital es como arena movediza, en constante evoluci\u00f3n y presentando nuevos retos y &#8230; <a title=\"Acerca de Digital SMB\" class=\"read-more\" href=\"https:\/\/digitalsmb.org\/es\/acerca-de-digital-smb\/\" aria-label=\"Leer m\u00e1s sobre Acerca de Digital SMB\">Leer m\u00e1s<\/a><\/p>\n","protected":false},"author":1,"featured_media":51591,"parent":0,"menu_order":0,"comment_status":"closed","ping_status":"closed","template":"","meta":{"footnotes":""},"class_list":["post-52079","page","type-page","status-publish","has-post-thumbnail"],"featured_image_src":"https:\/\/digitalsmb.org\/wp-content\/uploads\/2023\/08\/googleadsheader11.jpg","featured_image_src_square":"https:\/\/digitalsmb.org\/wp-content\/uploads\/2023\/08\/googleadsheader11.jpg","_links":{"self":[{"href":"https:\/\/digitalsmb.org\/es\/wp-json\/wp\/v2\/pages\/52079","targetHints":{"allow":["GET"]}}],"collection":[{"href":"https:\/\/digitalsmb.org\/es\/wp-json\/wp\/v2\/pages"}],"about":[{"href":"https:\/\/digitalsmb.org\/es\/wp-json\/wp\/v2\/types\/page"}],"author":[{"embeddable":true,"href":"https:\/\/digitalsmb.org\/es\/wp-json\/wp\/v2\/users\/1"}],"replies":[{"embeddable":true,"href":"https:\/\/digitalsmb.org\/es\/wp-json\/wp\/v2\/comments?post=52079"}],"version-history":[{"count":2,"href":"https:\/\/digitalsmb.org\/es\/wp-json\/wp\/v2\/pages\/52079\/revisions"}],"predecessor-version":[{"id":52082,"href":"https:\/\/digitalsmb.org\/es\/wp-json\/wp\/v2\/pages\/52079\/revisions\/52082"}],"wp:featuredmedia":[{"embeddable":true,"href":"https:\/\/digitalsmb.org\/es\/wp-json\/wp\/v2\/media\/51591"}],"wp:attachment":[{"href":"https:\/\/digitalsmb.org\/es\/wp-json\/wp\/v2\/media?parent=52079"}],"curies":[{"name":"wp","href":"https:\/\/api.w.org\/{rel}","templated":true}]}}