{"id":52069,"date":"2014-02-02T12:15:43","date_gmt":"2014-02-02T12:15:43","guid":{"rendered":"https:\/\/digitalsmb.org\/contactenos\/"},"modified":"2024-02-22T01:14:01","modified_gmt":"2024-02-22T01:14:01","slug":"contactenos","status":"publish","type":"page","link":"https:\/\/digitalsmb.org\/es\/contactenos\/","title":{"rendered":"Cont\u00e1ctenos"},"content":{"rendered":"<div class=\"wpb-content-wrapper\"><p>[vc_row inner_container=&#8221;no&#8221; padding_top=&#8221;0&#8243; padding_bottom=&#8221;0&#8243; border=&#8221;bottom&#8221;][vc_column][vc_gmaps link=&#8221;#E-8_JTNDaWZyYW1lJTIwc3JjJTNEJTIyaHR0cHMlM0ElMkYlMkZ3d3cuZ29vZ2xlLmNvbSUyRm1hcHMlMkZlbWJlZCUzRnBiJTNEJTIxMW0xOCUyMTFtMTIlMjExbTMlMjExZDM1OTIuMjYwNzY0OTkyMTMzOCUyMTJkLTgwLjIwOTIzNjAyNTQyMzg4JTIxM2QyNS43OTQ5Njk4NzczMzEwMTclMjEybTMlMjExZjAlMjEyZjAlMjEzZjAlMjEzbTIlMjExaTEwMjQlMjEyaTc2OCUyMTRmMTMuMSUyMTNtMyUyMTFtMiUyMTFzMHg4OGQ5YjcwNjYxYTkxMDRiJTI1M0EweDEzNzE2NWRkODVjNTEzZjQlMjEyczE5NTElMjUyME5XJTI1MjA3dGglMjUyMEF2ZSUyNTJDJTI1MjBNaWFtaSUyNTJDJTI1MjBGTCUyNTIwMzMxMzYlMjUyQyUyNTIwVVNBJTIxNWUwJTIxM20yJTIxMXNlbiUyMTJzbXglMjE0djE2OTgzNjgwMzQzMzklMjE1bTIlMjExc2VuJTIxMnNteCUyMiUyMHdpZHRoJTNEJTIyNjAwJTIyJTIwaGVpZ2h0JTNEJTIyNDUwJTIyJTIwc3R5bGUlM0QlMjJib3JkZXIlM0EwJTNCJTIyJTIwYWxsb3dmdWxsc2NyZWVuJTNEJTIyJTIyJTIwbG9hZGluZyUzRCUyMmxhenklMjIlMjByZWZlcnJlcnBvbGljeSUzRCUyMm5vLXJlZmVycmVyLXdoZW4tZG93bmdyYWRlJTIyJTNFJTNDJTJGaWZyYW1lJTNF&#8221; size=&#8221;250&#8243; type=&#8221;m&#8221; zoom=&#8221;14&#8243;][\/vc_column][\/vc_row][vc_row border=&#8221;bottom&#8221;][vc_column width=&#8221;1\/2&#8243;][vc_column_text]<\/p>\n<h4>Oficina Principal<\/h4>\n<p><strong>Direcci\u00f3n:  <\/strong><\/p>\n<p><strong>Correo electr\u00f3nico:  <\/strong><br \/>\n<a href=\"mailto:info@digitalSMB.org\">info@digitalsmb.org<\/a><\/p>\n<p><strong>Tel\u00e9fono:  <\/strong><br \/>\n(+1) 07123456789[\/vc_column_text][\/vc_column][vc_column width=&#8221;1\/2&#8243;][vc_column_text]<\/p>\n<h4>Suscr\u00edbete al bolet\u00edn digital para pymes<\/h4>\n<p>[\/vc_column_text]<script>(function() {\n\twindow.mc4wp = window.mc4wp || {\n\t\tlisteners: [],\n\t\tforms: {\n\t\t\ton: function(evt, cb) {\n\t\t\t\twindow.mc4wp.listeners.push(\n\t\t\t\t\t{\n\t\t\t\t\t\tevent   : evt,\n\t\t\t\t\t\tcallback: cb\n\t\t\t\t\t}\n\t\t\t\t);\n\t\t\t}\n\t\t}\n\t}\n})();\n<\/script><!-- Mailchimp for WordPress v4.9.17 - https:\/\/wordpress.org\/plugins\/mailchimp-for-wp\/ --><form id=\"mc4wp-form-1\" class=\"mc4wp-form mc4wp-form-52068\" method=\"post\" data-id=\"52068\" data-name=\"Noticias de DigitalSMB\" ><div class=\"mc4wp-form-fields\"><p>\n    <label>Nombre<\/label>\n    <input type=\"text\" name=\"FNAME\" placeholder=\"Nombre\">\n<\/p>\n<p>\n    <label>Apellido<\/label>\n    <input type=\"text\" name=\"LNAME\" placeholder=\"Apellido\">\n<\/p>\n<p>\n\t<label>Direcci\u00f3n de correo electr\u00f3nico:  \n\t\t<input type=\"email\" name=\"EMAIL\" placeholder=\"Su direcci\u00f3n de correo electr\u00f3nico\" required=\"\">\n<\/label>\n<\/p>\n\n<p>\n\t<input type=\"submit\" value=\"\u00danete\">\n<\/p><\/div><label style=\"display: none !important;\">Deja vac\u00edo este campo si eres humano: <input type=\"text\" name=\"_mc4wp_honeypot\" value=\"\" tabindex=\"-1\" autocomplete=\"off\" \/><\/label><input type=\"hidden\" name=\"_mc4wp_timestamp\" value=\"1776758928\" \/><input type=\"hidden\" name=\"_mc4wp_form_id\" value=\"52068\" \/><input type=\"hidden\" name=\"_mc4wp_form_element_id\" value=\"mc4wp-form-1\" \/><div class=\"mc4wp-response\"><\/div><\/form><!-- \/ Mailchimp for WordPress Plugin -->[\/vc_column][\/vc_row]<\/p>\n<\/div>","protected":false},"excerpt":{"rendered":"<p>[vc_row inner_container=&#8221;no&#8221; padding_top=&#8221;0&#8243; padding_bottom=&#8221;0&#8243; border=&#8221;bottom&#8221;][vc_column][vc_gmaps link=&#8221;#E-8_JTNDaWZyYW1lJTIwc3JjJTNEJTIyaHR0cHMlM0ElMkYlMkZ3d3cuZ29vZ2xlLmNvbSUyRm1hcHMlMkZlbWJlZCUzRnBiJTNEJTIxMW0xOCUyMTFtMTIlMjExbTMlMjExZDM1OTIuMjYwNzY0OTkyMTMzOCUyMTJkLTgwLjIwOTIzNjAyNTQyMzg4JTIxM2QyNS43OTQ5Njk4NzczMzEwMTclMjEybTMlMjExZjAlMjEyZjAlMjEzZjAlMjEzbTIlMjExaTEwMjQlMjEyaTc2OCUyMTRmMTMuMSUyMTNtMyUyMTFtMiUyMTFzMHg4OGQ5YjcwNjYxYTkxMDRiJTI1M0EweDEzNzE2NWRkODVjNTEzZjQlMjEyczE5NTElMjUyME5XJTI1MjA3dGglMjUyMEF2ZSUyNTJDJTI1MjBNaWFtaSUyNTJDJTI1MjBGTCUyNTIwMzMxMzYlMjUyQyUyNTIwVVNBJTIxNWUwJTIxM20yJTIxMXNlbiUyMTJzbXglMjE0djE2OTgzNjgwMzQzMzklMjE1bTIlMjExc2VuJTIxMnNteCUyMiUyMHdpZHRoJTNEJTIyNjAwJTIyJTIwaGVpZ2h0JTNEJTIyNDUwJTIyJTIwc3R5bGUlM0QlMjJib3JkZXIlM0EwJTNCJTIyJTIwYWxsb3dmdWxsc2NyZWVuJTNEJTIyJTIyJTIwbG9hZGluZyUzRCUyMmxhenklMjIlMjByZWZlcnJlcnBvbGljeSUzRCUyMm5vLXJlZmVycmVyLXdoZW4tZG93bmdyYWRlJTIyJTNFJTNDJTJGaWZyYW1lJTNF&#8221; size=&#8221;250&#8243; type=&#8221;m&#8221; zoom=&#8221;14&#8243;][\/vc_column][\/vc_row][vc_row border=&#8221;bottom&#8221;][vc_column width=&#8221;1\/2&#8243;][vc_column_text] Oficina Principal Direcci\u00f3n: Correo electr\u00f3nico: info@digitalsmb.org Tel\u00e9fono: (+1) 07123456789[\/vc_column_text][\/vc_column][vc_column width=&#8221;1\/2&#8243;][vc_column_text] Suscr\u00edbete al bolet\u00edn digital para pymes [\/vc_column_text][\/vc_column][\/vc_row]<\/p>\n","protected":false},"author":1,"featured_media":0,"parent":0,"menu_order":0,"comment_status":"open","ping_status":"open","template":"page-templates\/full-width.php","meta":{"footnotes":""},"class_list":["post-52069","page","type-page","status-publish","hentry"],"yoast_head":"<!-- This site is optimized with the Yoast SEO plugin v22.5 - https:\/\/yoast.com\/wordpress\/plugins\/seo\/ -->\n<title>Cont\u00e1ctenos - DigitalSMB<\/title>\n<meta name=\"robots\" content=\"index, follow, max-snippet:-1, max-image-preview:large, max-video-preview:-1\" \/>\n<link rel=\"canonical\" href=\"https:\/\/digitalsmb.org\/es\/contactenos\/\" \/>\n<meta property=\"og:locale\" content=\"es_ES\" \/>\n<meta property=\"og:type\" content=\"article\" \/>\n<meta property=\"og:title\" content=\"Cont\u00e1ctenos - DigitalSMB\" \/>\n<meta property=\"og:description\" content=\"[vc_row inner_container=&#8221;no&#8221; padding_top=&#8221;0&#8243; padding_bottom=&#8221;0&#8243; border=&#8221;bottom&#8221;][vc_column][vc_gmaps link=&#8221;#E-8_JTNDaWZyYW1lJTIwc3JjJTNEJTIyaHR0cHMlM0ElMkYlMkZ3d3cuZ29vZ2xlLmNvbSUyRm1hcHMlMkZlbWJlZCUzRnBiJTNEJTIxMW0xOCUyMTFtMTIlMjExbTMlMjExZDM1OTIuMjYwNzY0OTkyMTMzOCUyMTJkLTgwLjIwOTIzNjAyNTQyMzg4JTIxM2QyNS43OTQ5Njk4NzczMzEwMTclMjEybTMlMjExZjAlMjEyZjAlMjEzZjAlMjEzbTIlMjExaTEwMjQlMjEyaTc2OCUyMTRmMTMuMSUyMTNtMyUyMTFtMiUyMTFzMHg4OGQ5YjcwNjYxYTkxMDRiJTI1M0EweDEzNzE2NWRkODVjNTEzZjQlMjEyczE5NTElMjUyME5XJTI1MjA3dGglMjUyMEF2ZSUyNTJDJTI1MjBNaWFtaSUyNTJDJTI1MjBGTCUyNTIwMzMxMzYlMjUyQyUyNTIwVVNBJTIxNWUwJTIxM20yJTIxMXNlbiUyMTJzbXglMjE0djE2OTgzNjgwMzQzMzklMjE1bTIlMjExc2VuJTIxMnNteCUyMiUyMHdpZHRoJTNEJTIyNjAwJTIyJTIwaGVpZ2h0JTNEJTIyNDUwJTIyJTIwc3R5bGUlM0QlMjJib3JkZXIlM0EwJTNCJTIyJTIwYWxsb3dmdWxsc2NyZWVuJTNEJTIyJTIyJTIwbG9hZGluZyUzRCUyMmxhenklMjIlMjByZWZlcnJlcnBvbGljeSUzRCUyMm5vLXJlZmVycmVyLXdoZW4tZG93bmdyYWRlJTIyJTNFJTNDJTJGaWZyYW1lJTNF&#8221; size=&#8221;250&#8243; type=&#8221;m&#8221; zoom=&#8221;14&#8243;][\/vc_column][\/vc_row][vc_row border=&#8221;bottom&#8221;][vc_column width=&#8221;1\/2&#8243;][vc_column_text] Oficina Principal Direcci\u00f3n: Correo electr\u00f3nico: info@digitalsmb.org Tel\u00e9fono: (+1) 07123456789[\/vc_column_text][\/vc_column][vc_column width=&#8221;1\/2&#8243;][vc_column_text] Suscr\u00edbete al bolet\u00edn digital para pymes [\/vc_column_text][\/vc_column][\/vc_row]\" \/>\n<meta property=\"og:url\" content=\"https:\/\/digitalsmb.org\/es\/contactenos\/\" \/>\n<meta property=\"og:site_name\" content=\"DigitalSMB\" \/>\n<meta property=\"article:publisher\" content=\"https:\/\/www.facebook.com\/DigitalSMB\" \/>\n<meta property=\"article:modified_time\" content=\"2024-02-22T01:14:01+00:00\" \/>\n<meta name=\"twitter:card\" content=\"summary_large_image\" \/>\n<meta name=\"twitter:site\" content=\"@digitalsmb\" \/>\n<meta name=\"twitter:label1\" content=\"Tiempo de lectura\" \/>\n\t<meta name=\"twitter:data1\" content=\"1 minuto\" \/>\n<script type=\"application\/ld+json\" class=\"yoast-schema-graph\">{\"@context\":\"https:\/\/schema.org\",\"@graph\":[{\"@type\":\"WebPage\",\"@id\":\"https:\/\/digitalsmb.org\/es\/contactenos\/\",\"url\":\"https:\/\/digitalsmb.org\/es\/contactenos\/\",\"name\":\"Cont\u00e1ctenos - DigitalSMB\",\"isPartOf\":{\"@id\":\"https:\/\/digitalsmb.org\/es\/#website\"},\"datePublished\":\"2014-02-02T12:15:43+00:00\",\"dateModified\":\"2024-02-22T01:14:01+00:00\",\"breadcrumb\":{\"@id\":\"https:\/\/digitalsmb.org\/es\/contactenos\/#breadcrumb\"},\"inLanguage\":\"es\",\"potentialAction\":[{\"@type\":\"ReadAction\",\"target\":[\"https:\/\/digitalsmb.org\/es\/contactenos\/\"]}]},{\"@type\":\"BreadcrumbList\",\"@id\":\"https:\/\/digitalsmb.org\/es\/contactenos\/#breadcrumb\",\"itemListElement\":[{\"@type\":\"ListItem\",\"position\":1,\"name\":\"Home\",\"item\":\"https:\/\/digitalsmb.org\/es\/\"},{\"@type\":\"ListItem\",\"position\":2,\"name\":\"Cont\u00e1ctenos\"}]},{\"@type\":\"WebSite\",\"@id\":\"https:\/\/digitalsmb.org\/es\/#website\",\"url\":\"https:\/\/digitalsmb.org\/es\/\",\"name\":\"DigitalSMB\",\"description\":\"Digital Marketing Resources for Small Business Owners\",\"publisher\":{\"@id\":\"https:\/\/digitalsmb.org\/es\/#organization\"},\"potentialAction\":[{\"@type\":\"SearchAction\",\"target\":{\"@type\":\"EntryPoint\",\"urlTemplate\":\"https:\/\/digitalsmb.org\/es\/?s={search_term_string}\"},\"query-input\":\"required name=search_term_string\"}],\"inLanguage\":\"es\"},{\"@type\":\"Organization\",\"@id\":\"https:\/\/digitalsmb.org\/es\/#organization\",\"name\":\"Digital SMB\",\"url\":\"https:\/\/digitalsmb.org\/es\/\",\"logo\":{\"@type\":\"ImageObject\",\"inLanguage\":\"es\",\"@id\":\"https:\/\/digitalsmb.org\/es\/#\/schema\/logo\/image\/\",\"url\":\"https:\/\/digitalsmb.org\/wp-content\/uploads\/2023\/02\/Thrmrlogo.png\",\"contentUrl\":\"https:\/\/digitalsmb.org\/wp-content\/uploads\/2023\/02\/Thrmrlogo.png\",\"width\":196,\"height\":153,\"caption\":\"Digital SMB\"},\"image\":{\"@id\":\"https:\/\/digitalsmb.org\/es\/#\/schema\/logo\/image\/\"},\"sameAs\":[\"https:\/\/www.facebook.com\/DigitalSMB\",\"https:\/\/x.com\/digitalsmb\"]}]}<\/script>\n<!-- \/ Yoast SEO plugin. -->","yoast_head_json":{"title":"Cont\u00e1ctenos - DigitalSMB","robots":{"index":"index","follow":"follow","max-snippet":"max-snippet:-1","max-image-preview":"max-image-preview:large","max-video-preview":"max-video-preview:-1"},"canonical":"https:\/\/digitalsmb.org\/es\/contactenos\/","og_locale":"es_ES","og_type":"article","og_title":"Cont\u00e1ctenos - DigitalSMB","og_description":"[vc_row inner_container=&#8221;no&#8221; padding_top=&#8221;0&#8243; padding_bottom=&#8221;0&#8243; border=&#8221;bottom&#8221;][vc_column][vc_gmaps link=&#8221;#E-8_JTNDaWZyYW1lJTIwc3JjJTNEJTIyaHR0cHMlM0ElMkYlMkZ3d3cuZ29vZ2xlLmNvbSUyRm1hcHMlMkZlbWJlZCUzRnBiJTNEJTIxMW0xOCUyMTFtMTIlMjExbTMlMjExZDM1OTIuMjYwNzY0OTkyMTMzOCUyMTJkLTgwLjIwOTIzNjAyNTQyMzg4JTIxM2QyNS43OTQ5Njk4NzczMzEwMTclMjEybTMlMjExZjAlMjEyZjAlMjEzZjAlMjEzbTIlMjExaTEwMjQlMjEyaTc2OCUyMTRmMTMuMSUyMTNtMyUyMTFtMiUyMTFzMHg4OGQ5YjcwNjYxYTkxMDRiJTI1M0EweDEzNzE2NWRkODVjNTEzZjQlMjEyczE5NTElMjUyME5XJTI1MjA3dGglMjUyMEF2ZSUyNTJDJTI1MjBNaWFtaSUyNTJDJTI1MjBGTCUyNTIwMzMxMzYlMjUyQyUyNTIwVVNBJTIxNWUwJTIxM20yJTIxMXNlbiUyMTJzbXglMjE0djE2OTgzNjgwMzQzMzklMjE1bTIlMjExc2VuJTIxMnNteCUyMiUyMHdpZHRoJTNEJTIyNjAwJTIyJTIwaGVpZ2h0JTNEJTIyNDUwJTIyJTIwc3R5bGUlM0QlMjJib3JkZXIlM0EwJTNCJTIyJTIwYWxsb3dmdWxsc2NyZWVuJTNEJTIyJTIyJTIwbG9hZGluZyUzRCUyMmxhenklMjIlMjByZWZlcnJlcnBvbGljeSUzRCUyMm5vLXJlZmVycmVyLXdoZW4tZG93bmdyYWRlJTIyJTNFJTNDJTJGaWZyYW1lJTNF&#8221; size=&#8221;250&#8243; type=&#8221;m&#8221; zoom=&#8221;14&#8243;][\/vc_column][\/vc_row][vc_row border=&#8221;bottom&#8221;][vc_column width=&#8221;1\/2&#8243;][vc_column_text] Oficina Principal Direcci\u00f3n: Correo electr\u00f3nico: info@digitalsmb.org Tel\u00e9fono: (+1) 07123456789[\/vc_column_text][\/vc_column][vc_column width=&#8221;1\/2&#8243;][vc_column_text] Suscr\u00edbete al bolet\u00edn digital para pymes [\/vc_column_text][\/vc_column][\/vc_row]","og_url":"https:\/\/digitalsmb.org\/es\/contactenos\/","og_site_name":"DigitalSMB","article_publisher":"https:\/\/www.facebook.com\/DigitalSMB","article_modified_time":"2024-02-22T01:14:01+00:00","twitter_card":"summary_large_image","twitter_site":"@digitalsmb","twitter_misc":{"Tiempo de lectura":"1 minuto"},"schema":{"@context":"https:\/\/schema.org","@graph":[{"@type":"WebPage","@id":"https:\/\/digitalsmb.org\/es\/contactenos\/","url":"https:\/\/digitalsmb.org\/es\/contactenos\/","name":"Cont\u00e1ctenos - DigitalSMB","isPartOf":{"@id":"https:\/\/digitalsmb.org\/es\/#website"},"datePublished":"2014-02-02T12:15:43+00:00","dateModified":"2024-02-22T01:14:01+00:00","breadcrumb":{"@id":"https:\/\/digitalsmb.org\/es\/contactenos\/#breadcrumb"},"inLanguage":"es","potentialAction":[{"@type":"ReadAction","target":["https:\/\/digitalsmb.org\/es\/contactenos\/"]}]},{"@type":"BreadcrumbList","@id":"https:\/\/digitalsmb.org\/es\/contactenos\/#breadcrumb","itemListElement":[{"@type":"ListItem","position":1,"name":"Home","item":"https:\/\/digitalsmb.org\/es\/"},{"@type":"ListItem","position":2,"name":"Cont\u00e1ctenos"}]},{"@type":"WebSite","@id":"https:\/\/digitalsmb.org\/es\/#website","url":"https:\/\/digitalsmb.org\/es\/","name":"DigitalSMB","description":"Digital Marketing Resources for Small Business Owners","publisher":{"@id":"https:\/\/digitalsmb.org\/es\/#organization"},"potentialAction":[{"@type":"SearchAction","target":{"@type":"EntryPoint","urlTemplate":"https:\/\/digitalsmb.org\/es\/?s={search_term_string}"},"query-input":"required name=search_term_string"}],"inLanguage":"es"},{"@type":"Organization","@id":"https:\/\/digitalsmb.org\/es\/#organization","name":"Digital SMB","url":"https:\/\/digitalsmb.org\/es\/","logo":{"@type":"ImageObject","inLanguage":"es","@id":"https:\/\/digitalsmb.org\/es\/#\/schema\/logo\/image\/","url":"https:\/\/digitalsmb.org\/wp-content\/uploads\/2023\/02\/Thrmrlogo.png","contentUrl":"https:\/\/digitalsmb.org\/wp-content\/uploads\/2023\/02\/Thrmrlogo.png","width":196,"height":153,"caption":"Digital SMB"},"image":{"@id":"https:\/\/digitalsmb.org\/es\/#\/schema\/logo\/image\/"},"sameAs":["https:\/\/www.facebook.com\/DigitalSMB","https:\/\/x.com\/digitalsmb"]}]}},"featured_image_src":null,"featured_image_src_square":null,"_links":{"self":[{"href":"https:\/\/digitalsmb.org\/es\/wp-json\/wp\/v2\/pages\/52069","targetHints":{"allow":["GET"]}}],"collection":[{"href":"https:\/\/digitalsmb.org\/es\/wp-json\/wp\/v2\/pages"}],"about":[{"href":"https:\/\/digitalsmb.org\/es\/wp-json\/wp\/v2\/types\/page"}],"author":[{"embeddable":true,"href":"https:\/\/digitalsmb.org\/es\/wp-json\/wp\/v2\/users\/1"}],"replies":[{"embeddable":true,"href":"https:\/\/digitalsmb.org\/es\/wp-json\/wp\/v2\/comments?post=52069"}],"version-history":[{"count":9,"href":"https:\/\/digitalsmb.org\/es\/wp-json\/wp\/v2\/pages\/52069\/revisions"}],"predecessor-version":[{"id":52088,"href":"https:\/\/digitalsmb.org\/es\/wp-json\/wp\/v2\/pages\/52069\/revisions\/52088"}],"wp:attachment":[{"href":"https:\/\/digitalsmb.org\/es\/wp-json\/wp\/v2\/media?parent=52069"}],"curies":[{"name":"wp","href":"https:\/\/api.w.org\/{rel}","templated":true}]}}